{"id":13,"date":"2020-07-04T22:48:30","date_gmt":"2020-07-04T22:48:30","guid":{"rendered":"https:\/\/sntsf.pt\/wordpress\/?page_id=13"},"modified":"2020-08-18T21:27:25","modified_gmt":"2020-08-18T21:27:25","slug":"informacao","status":"publish","type":"page","link":"https:\/\/sntsf.pt\/index.php\/informacao\/","title":{"rendered":"Informa\u00e7\u00e3o"},"content":{"rendered":"\n<h5 class=\"wp-block-heading\">Luta pela defesa da seguran\u00e7a ferrovi\u00e1ria e dos postos de trabalho<\/h5>\n\n\n\n<div class=\"wp-block-image\"><figure class=\"alignright size-large\"><img loading=\"lazy\" decoding=\"async\" width=\"141\" height=\"200\" src=\"https:\/\/sntsf.pt\/wp-content\/uploads\/2020\/08\/AgenteUnico_Comunicado1.jpg\" alt=\"\" class=\"wp-image-185\"\/><\/figure><\/div>\n\n\n\n<p>No plano de luta em defesa da seguran\u00e7a ferrovi\u00e1ria e dos postos de trabalho, que teve inicio a 4 de Junho com uma greve nacional, seguida depois com uma nova greve nos dias 12 e 13 de Junho, na regi\u00e3o centro\/sul, est\u00e1 marcada uma nova greve para os dias 23 e 24 de Junho, nos termos abaixo descritos, abrangendo todos os locais de trabalho a Norte de Coimbra\/Coimbra B (inclusive), por exemplo Linha da Beira Alta; Linha do Norte de Coimbra at\u00e9 Porto; Linha do Minho; Linha do Douro; Ramal de Guimar\u00e3es.<\/p>\n\n\n\n<h5 class=\"has-text-align-center wp-block-heading\">MEDWAY E TAKARGO<\/h5>\n\n\n\n<p>Far\u00e3o greve \u00e0 presta\u00e7\u00e3o de todo e qualquer trabalho durante todo o seu per\u00edodo de trabalho entre as 00 horas e as 24 horas do dia 23 de Junho de 2018. Ficam igualmente abrangidos por este pr\u00e9-aviso, todos os trabalhadores cujos per\u00edodos trabalho:<\/p>\n\n\n\n<p><strong>a)<\/strong> Se iniciem no dia 22 de Junho de 2018 e terminem depois das 00 horas do dia 23 de Junho de 2018 fazendo greve em todo o seu per\u00edodo de trabalho.\u00a0\u00a0<br><strong>b)<\/strong> Se iniciem no dia 22 de Junho de 2018 e terminem fora da sede, fazendo greve em todo o seu per\u00edodo de trabalho.\u00a0\u00a0\u00a0\u00a0\u00a0\u00a0\u00a0\u00a0<br><strong>c)<\/strong> Se iniciem fora da sede ap\u00f3s as 24 horas do dia 23 de Junho de 2018, fazendo neste caso greve a todo o seu per\u00edodo de trabalho.<br><strong>d)<\/strong> Se iniciem no dia 23 de Junho de 2018 e terminem depois das 00 horas do dia 24 de Junho de 2018, fazendo neste caso greve a todo o seu per\u00edodo de trabalho.<br><strong>e)<\/strong> Os trabalhadores pertencentes \u00e0s estas empresas ferrovi\u00e1rias, quando solicitados por parte da empresa para acompanhamentos de comboios a fim de substituir trabalhadores em greve, nos dias 22 de Junho 2018 e 24 de Junho de 2018, fazem greve a todo o seu per\u00edodo de trabalho.<\/p>\n\n\n\n<p>Entre as 00 horas e as 24 horas do dia 23 de Junho de 2018, os trabalhadores abster-se-\u00e3o da presta\u00e7\u00e3o de trabalho suplementar, em dia de descanso semanal (obrigat\u00f3rio\/complementar) e com falta de repouso. Nas situa\u00e7\u00f5es de supra \/ ou de servi\u00e7o a indicar, os trabalhadores far\u00e3o greve por um per\u00edodo de 8 horas ap\u00f3s o per\u00edodo de repouso m\u00ednimo, caso n\u00e3o lhes tenha sido indicado servi\u00e7o a efectuar entre as 00 horas e as 24 horas do dia 23 de Junho de 2018.<\/p>\n\n\n\n<p>Em caso de indica\u00e7\u00e3o atempada de servi\u00e7o, os trabalhadores far\u00e3o greve nos termos do presente pr\u00e9-aviso de greve. Recusa de qualquer altera\u00e7\u00e3o \u00e0 escala\/ordem de servi\u00e7o efectuada ou comunicada para os dias 22, 23 e 24 Junho 2018, ap\u00f3s o envio do presente pr\u00e9-aviso.<\/p>\n\n\n\n<h5 class=\"has-text-align-center wp-block-heading\">CP<\/h5>\n\n\n\n<p>Far\u00e3o greve \u00e0 presta\u00e7\u00e3o de todo e qualquer trabalho durante todo o seu per\u00edodo de trabalho entre as 12 horas do dia 23 de Junho 2018 e as 12 horas do dia 24 de Junho de 2018.<\/p>\n\n\n\n<p>Ficam igualmente abrangidos por este pr\u00e9-aviso, todos os trabalhadores cujos per\u00edodos trabalho:<\/p>\n\n\n\n<p><strong>a)<\/strong> Sejam abrangidos, total ou parcialmente, no per\u00edodo de tempo compreendido entre as 12h00 do dia 23 de Junho 2018 e as 12 horas do dia 24 de Junho 2018.<br><strong>b) <\/strong>Se iniciem a partir das 00h00 no dia 23 de Junho de 2018 e terminem fora da sede fazendo greve em todo o seu per\u00edodo de trabalho.<br><strong>c)<\/strong> Se iniciem fora da sede a partir das 00h00 do dia 24 de Junho de 2018,fazendo neste caso greve a todo o seu penado de trabalho.<br><strong>d)<\/strong> Os trabalhadores pertencentes \u00e0 CP &#8211; Comboios de Portugal, E.P.E., quando solicitados por parte da empresa para acompanhamentos de comboios a fim de substituir trabalhadores em greve, entre as 00h00 e as 24h00 nos dias 23 e 24 de Junho de 2018, fazem greve a todo o seu per\u00edodo de trabalho.<\/p>\n\n\n\n<p>Entre as 12 horas do dia 23 de Junho 2018 e as 12 horas do dia 24 de Junho de 2018, os trabalhadores abster-se-\u00e3o da presta\u00e7\u00e3o de trabalho suplementar, em dia de descanso semanal (obrigat\u00f3rio e complementar) e com falta de repouso.<\/p>\n\n\n\n<p>Nas situa\u00e7\u00f5es de supra\/ ou de servi\u00e7o a indicar, os trabalhadores far\u00e3o greve por um per\u00edodo de 8 horas ap\u00f3s o per\u00edodo de repouso m\u00ednimo, caso n\u00e3o lhes tenha sido indicado servi\u00e7o a efectuar entre as 12 horas do dia 23 de Junho 2018 e as 12 horas do dia 24 de Junho de 2018.<\/p>\n\n\n\n<p>Em caso de indica\u00e7\u00e3o atempada de servi\u00e7o, os trabalhadores far\u00e3o greve nos termos do presente pr\u00e9-aviso de greve. Recusa de qualquer altera\u00e7\u00e3o \u00e0 escala\/ordem de servi\u00e7o efectuada ou comunicada para os dias 23 e 24 Junho 2018, ap\u00f3s o envio do presente pr\u00e9-aviso.<\/p>\n\n\n\n<h5 class=\"wp-block-heading\">Nada nos foi dado, tudo foi conquistado com luta<\/h5>\n\n\n\n<div class=\"wp-block-image\"><figure class=\"alignright size-large\"><img loading=\"lazy\" decoding=\"async\" width=\"144\" height=\"200\" src=\"https:\/\/sntsf.pt\/wp-content\/uploads\/2020\/08\/ProjectoCartazGreveCP.jpg\" alt=\"\" class=\"wp-image-180\"\/><\/figure><\/div>\n\n\n\n<p>No m\u00eas de Janeiro os trabalhadores da CP viram repostos no seu vencimento os restantes 50% devidos na reposi\u00e7\u00e3o das carreiras profissionais e nas diuturnidades, que resulta da intensa luta, de quem n\u00e3o se rendeu ao roubo salarial feito no mandato do anterior governo. N\u00e3o nos deram nada, foram os trabalhadores lutaram.<\/p>\n\n\n\n<p class=\"has-text-align-center\"><a href=\"https:\/\/sntsf.pt\/wp-content\/uploads\/2020\/08\/CP_No_22.pdf\">Comunicado CP 22<\/a><\/p>\n\n\n\n<h5 class=\"wp-block-heading\">IP reedita m\u00e1s propostas de contrata\u00e7\u00e3o colectiva<\/h5>\n\n\n\n<figure class=\"wp-block-image size-large is-resized\"><img loading=\"lazy\" decoding=\"async\" src=\"https:\/\/sntsf.pt\/wp-content\/uploads\/2020\/08\/ip.png\" alt=\"\" class=\"wp-image-147\" width=\"413\" height=\"209\" srcset=\"https:\/\/sntsf.pt\/wp-content\/uploads\/2020\/08\/ip.png 1024w, https:\/\/sntsf.pt\/wp-content\/uploads\/2020\/08\/ip-300x152.png 300w, https:\/\/sntsf.pt\/wp-content\/uploads\/2020\/08\/ip-768x390.png 768w, https:\/\/sntsf.pt\/wp-content\/uploads\/2020\/08\/ip-816x414.png 816w\" sizes=\"auto, (max-width: 413px) 100vw, 413px\" \/><\/figure>\n\n\n\n<p>Tal como foi assumido, a administra\u00e7\u00e3o da IP entregou,  a sua contraproposta para a negocia\u00e7\u00e3o colectiva de um ACT para as empresas do grupo, na forma de um texto de clausula geral e um outro sobre o sistema de carreiras profissionais.<\/p>\n\n\n\n<p>O referente \u00e0s carreiras profissionais \u00e9 um texto novo. Relativamente ao de clausulado geral o que podemos dizer \u00e9 que mant\u00e9m no essencial a primeira proposta que apresentou e que visa alterar regras da presta\u00e7\u00e3o de trabalho e retirar direitos e, nesse sentido, n\u00e3o teve em conta, praticamente nenhuma das propostas sindicais apresentadas no texto conjunto de diversas organiza\u00e7\u00f5es sindicais.<\/p>\n\n\n\n<p class=\"has-text-align-center\"><a href=\"https:\/\/sntsf.pt\/wp-content\/uploads\/2020\/08\/Proposta_de_Acordo_Coletivo_de_Trabalho_-_22_nov_2017-1.pdf\">Proposta de Clausulado Geral do ACT<br><\/a><a href=\"https:\/\/sntsf.pt\/wp-content\/uploads\/2020\/08\/Sistema_de_Carreiras_-_Anexo_I-1.pdf\">Proposta do Sistema de Carreiras<\/a><\/p>\n","protected":false},"excerpt":{"rendered":"<p>Luta pela defesa da seguran\u00e7a ferrovi\u00e1ria e dos postos de trabalho No plano de luta em defesa da seguran\u00e7a ferrovi\u00e1ria e dos postos de trabalho, que teve inicio a 4 de Junho com uma greve nacional, seguida depois com uma nova greve nos dias 12 e 13 de Junho, na regi\u00e3o centro\/sul, est\u00e1 marcada uma [&hellip;]<\/p>\n","protected":false},"author":1,"featured_media":0,"parent":0,"menu_order":0,"comment_status":"closed","ping_status":"closed","template":"","meta":{"footnotes":""},"class_list":["post-13","page","type-page","status-publish","hentry"],"jetpack_sharing_enabled":true,"_links":{"self":[{"href":"https:\/\/sntsf.pt\/index.php\/wp-json\/wp\/v2\/pages\/13","targetHints":{"allow":["GET"]}}],"collection":[{"href":"https:\/\/sntsf.pt\/index.php\/wp-json\/wp\/v2\/pages"}],"about":[{"href":"https:\/\/sntsf.pt\/index.php\/wp-json\/wp\/v2\/types\/page"}],"author":[{"embeddable":true,"href":"https:\/\/sntsf.pt\/index.php\/wp-json\/wp\/v2\/users\/1"}],"replies":[{"embeddable":true,"href":"https:\/\/sntsf.pt\/index.php\/wp-json\/wp\/v2\/comments?post=13"}],"version-history":[{"count":8,"href":"https:\/\/sntsf.pt\/index.php\/wp-json\/wp\/v2\/pages\/13\/revisions"}],"predecessor-version":[{"id":186,"href":"https:\/\/sntsf.pt\/index.php\/wp-json\/wp\/v2\/pages\/13\/revisions\/186"}],"wp:attachment":[{"href":"https:\/\/sntsf.pt\/index.php\/wp-json\/wp\/v2\/media?parent=13"}],"curies":[{"name":"wp","href":"https:\/\/api.w.org\/{rel}","templated":true}]}}