{"id":152,"date":"2020-08-12T22:06:18","date_gmt":"2020-08-12T22:06:18","guid":{"rendered":"https:\/\/sntsf.pt\/wordpress\/?page_id=152"},"modified":"2020-09-25T22:11:02","modified_gmt":"2020-09-25T22:11:02","slug":"outras-empresas","status":"publish","type":"page","link":"https:\/\/sntsf.pt\/index.php\/outras-empresas\/","title":{"rendered":"Outras Empresas"},"content":{"rendered":"<ul class=\"wp-block-latest-posts__list has-dates wp-block-latest-posts\"><li><div class=\"wp-block-latest-posts__featured-image aligncenter\"><img loading=\"lazy\" decoding=\"async\" width=\"300\" height=\"208\" src=\"https:\/\/sntsf.pt\/wp-content\/uploads\/2020\/09\/viaporto2.png\" class=\"attachment-medium size-medium wp-post-image\" alt=\"\" style=\"\" \/><\/div><a class=\"wp-block-latest-posts__post-title\" href=\"https:\/\/sntsf.pt\/index.php\/2024\/11\/11\/contratacao-colectiva-metro-do-porto\/\">Contrata\u00e7\u00e3o Colectiva Metro do Porto<\/a><time datetime=\"2024-11-11T09:42:46+00:00\" class=\"wp-block-latest-posts__post-date\">11 de Novembro, 2024<\/time><div class=\"wp-block-latest-posts__post-excerpt\">O SNTSF\/FECTRANS solicitou uma reuni\u00e3o \u00e0 administra\u00e7\u00e3o do MP &#8211; Metro do Porto com o\u2026 <a class=\"wp-block-latest-posts__read-more\" href=\"https:\/\/sntsf.pt\/index.php\/2024\/11\/11\/contratacao-colectiva-metro-do-porto\/\" rel=\"noopener noreferrer\">Leia mais<span class=\"screen-reader-text\">: Contrata\u00e7\u00e3o Colectiva Metro do Porto<\/span><\/a><\/div><\/li>\n<li><div class=\"wp-block-latest-posts__featured-image aligncenter\"><img loading=\"lazy\" decoding=\"async\" width=\"300\" height=\"208\" src=\"https:\/\/sntsf.pt\/wp-content\/uploads\/2021\/12\/metro_mirandela-816x509-1-300x208.jpg\" class=\"attachment-medium size-medium wp-post-image\" alt=\"\" style=\"\" srcset=\"https:\/\/sntsf.pt\/wp-content\/uploads\/2021\/12\/metro_mirandela-816x509-1-300x208.jpg 300w, https:\/\/sntsf.pt\/wp-content\/uploads\/2021\/12\/metro_mirandela-816x509-1.jpg 494w\" sizes=\"auto, (max-width: 300px) 100vw, 300px\" \/><\/div><a class=\"wp-block-latest-posts__post-title\" href=\"https:\/\/sntsf.pt\/index.php\/2021\/12\/02\/conciliacao-com-a-metro-de-mirandela\/\">Concilia\u00e7\u00e3o com a Metro de Mirandela<\/a><time datetime=\"2021-12-02T07:41:11+00:00\" class=\"wp-block-latest-posts__post-date\">2 de Dezembro, 2021<\/time><div class=\"wp-block-latest-posts__post-excerpt\">O SNTSF\/FECTRANS, requereu um processo de concilia\u00e7\u00e3o \u00e0 DGERT devido \u00e0 aus\u00eancia de respostas \u00e0\u2026 <a class=\"wp-block-latest-posts__read-more\" href=\"https:\/\/sntsf.pt\/index.php\/2021\/12\/02\/conciliacao-com-a-metro-de-mirandela\/\" rel=\"noopener noreferrer\">Leia mais<span class=\"screen-reader-text\">: Concilia\u00e7\u00e3o com a Metro de Mirandela<\/span><\/a><\/div><\/li>\n<li><div class=\"wp-block-latest-posts__featured-image aligncenter\"><img loading=\"lazy\" decoding=\"async\" width=\"300\" height=\"208\" src=\"https:\/\/sntsf.pt\/wp-content\/uploads\/2020\/09\/viaporto.png\" class=\"attachment-medium size-medium wp-post-image\" alt=\"\" style=\"\" \/><\/div><a class=\"wp-block-latest-posts__post-title\" href=\"https:\/\/sntsf.pt\/index.php\/2020\/09\/04\/viaporto-e-metro-do-porto-medidas-necessarias\/\">ViaPorto e Metro do Porto \u2013 Medidas Necess\u00e1rias<\/a><time datetime=\"2020-09-04T17:23:14+00:00\" class=\"wp-block-latest-posts__post-date\">4 de Setembro, 2020<\/time><div class=\"wp-block-latest-posts__post-excerpt\">O SNTSF enviou um of\u00edcio \u00e0s empresas VIAPORTO e Metro do Porto sobre a higieniza\u00e7\u00e3o\u2026 <a class=\"wp-block-latest-posts__read-more\" href=\"https:\/\/sntsf.pt\/index.php\/2020\/09\/04\/viaporto-e-metro-do-porto-medidas-necessarias\/\" rel=\"noopener noreferrer\">Leia mais<span class=\"screen-reader-text\">: ViaPorto e Metro do Porto \u2013 Medidas Necess\u00e1rias<\/span><\/a><\/div><\/li>\n<li><div class=\"wp-block-latest-posts__featured-image aligncenter\"><img loading=\"lazy\" decoding=\"async\" width=\"300\" height=\"208\" src=\"https:\/\/sntsf.pt\/wp-content\/uploads\/2020\/09\/outrasemp.png\" class=\"attachment-medium size-medium wp-post-image\" alt=\"\" style=\"\" \/><\/div><a class=\"wp-block-latest-posts__post-title\" href=\"https:\/\/sntsf.pt\/index.php\/2020\/09\/04\/exploracao-do-metro-de-mirandela-muda-para-a-mistic-tua\/\">Explora\u00e7\u00e3o do metro de Mirandela muda para a Mistic Tua<\/a><time datetime=\"2020-09-04T17:22:41+00:00\" class=\"wp-block-latest-posts__post-date\">4 de Setembro, 2020<\/time><div class=\"wp-block-latest-posts__post-excerpt\">O sindicato enviou \u00e0 C\u00e2mara Municipal de Mirandela, propriet\u00e1ria do Metro, um of\u00edcio a reiterar\u2026 <a class=\"wp-block-latest-posts__read-more\" href=\"https:\/\/sntsf.pt\/index.php\/2020\/09\/04\/exploracao-do-metro-de-mirandela-muda-para-a-mistic-tua\/\" rel=\"noopener noreferrer\">Leia mais<span class=\"screen-reader-text\">: Explora\u00e7\u00e3o do metro de Mirandela muda para a Mistic Tua<\/span><\/a><\/div><\/li>\n<\/ul>","protected":false},"excerpt":{"rendered":"","protected":false},"author":1,"featured_media":0,"parent":0,"menu_order":0,"comment_status":"closed","ping_status":"closed","template":"","meta":{"footnotes":""},"class_list":["post-152","page","type-page","status-publish","hentry"],"jetpack_sharing_enabled":true,"_links":{"self":[{"href":"https:\/\/sntsf.pt\/index.php\/wp-json\/wp\/v2\/pages\/152","targetHints":{"allow":["GET"]}}],"collection":[{"href":"https:\/\/sntsf.pt\/index.php\/wp-json\/wp\/v2\/pages"}],"about":[{"href":"https:\/\/sntsf.pt\/index.php\/wp-json\/wp\/v2\/types\/page"}],"author":[{"embeddable":true,"href":"https:\/\/sntsf.pt\/index.php\/wp-json\/wp\/v2\/users\/1"}],"replies":[{"embeddable":true,"href":"https:\/\/sntsf.pt\/index.php\/wp-json\/wp\/v2\/comments?post=152"}],"version-history":[{"count":6,"href":"https:\/\/sntsf.pt\/index.php\/wp-json\/wp\/v2\/pages\/152\/revisions"}],"predecessor-version":[{"id":429,"href":"https:\/\/sntsf.pt\/index.php\/wp-json\/wp\/v2\/pages\/152\/revisions\/429"}],"wp:attachment":[{"href":"https:\/\/sntsf.pt\/index.php\/wp-json\/wp\/v2\/media?parent=152"}],"curies":[{"name":"wp","href":"https:\/\/api.w.org\/{rel}","templated":true}]}}