{"id":164,"date":"2020-08-12T22:17:47","date_gmt":"2020-08-12T22:17:47","guid":{"rendered":"https:\/\/sntsf.pt\/wordpress\/?page_id=164"},"modified":"2020-09-25T22:10:26","modified_gmt":"2020-09-25T22:10:26","slug":"soflusa","status":"publish","type":"page","link":"https:\/\/sntsf.pt\/index.php\/soflusa\/","title":{"rendered":"Soflusa"},"content":{"rendered":"<ul class=\"wp-block-latest-posts__list has-dates wp-block-latest-posts\"><li><div class=\"wp-block-latest-posts__featured-image aligncenter\"><img loading=\"lazy\" decoding=\"async\" width=\"300\" height=\"288\" src=\"https:\/\/sntsf.pt\/wp-content\/uploads\/2026\/04\/Negociacao-TTSL-300x288.png\" class=\"attachment-medium size-medium wp-post-image\" alt=\"\" style=\"\" srcset=\"https:\/\/sntsf.pt\/wp-content\/uploads\/2026\/04\/Negociacao-TTSL-300x288.png 300w, https:\/\/sntsf.pt\/wp-content\/uploads\/2026\/04\/Negociacao-TTSL-1024x984.png 1024w, https:\/\/sntsf.pt\/wp-content\/uploads\/2026\/04\/Negociacao-TTSL-768x738.png 768w, https:\/\/sntsf.pt\/wp-content\/uploads\/2026\/04\/Negociacao-TTSL-816x784.png 816w, https:\/\/sntsf.pt\/wp-content\/uploads\/2026\/04\/Negociacao-TTSL.png 1049w\" sizes=\"auto, (max-width: 300px) 100vw, 300px\" \/><\/div><a class=\"wp-block-latest-posts__post-title\" href=\"https:\/\/sntsf.pt\/index.php\/2026\/04\/08\/finalmente-proposta-na-ttsl\/\">Finalmente proposta na TTSL<\/a><time datetime=\"2026-04-08T18:07:48+00:00\" class=\"wp-block-latest-posts__post-date\">8 de Abril, 2026<\/time><div class=\"wp-block-latest-posts__post-excerpt\">Hoje, na reuni\u00e3o de negocia\u00e7\u00e3o, a administra\u00e7\u00e3o da TTSL \u2013 Transtejo Soflusa, finalmente, apresentou a\u2026 <a class=\"wp-block-latest-posts__read-more\" href=\"https:\/\/sntsf.pt\/index.php\/2026\/04\/08\/finalmente-proposta-na-ttsl\/\" rel=\"noopener noreferrer\">Leia mais<span class=\"screen-reader-text\">: Finalmente proposta na TTSL<\/span><\/a><\/div><\/li>\n<li><div class=\"wp-block-latest-posts__featured-image aligncenter\"><img loading=\"lazy\" decoding=\"async\" width=\"300\" height=\"171\" src=\"https:\/\/sntsf.pt\/wp-content\/uploads\/2026\/03\/TTSL--300x171.png\" class=\"attachment-medium size-medium wp-post-image\" alt=\"\" style=\"\" srcset=\"https:\/\/sntsf.pt\/wp-content\/uploads\/2026\/03\/TTSL--300x171.png 300w, https:\/\/sntsf.pt\/wp-content\/uploads\/2026\/03\/TTSL--1024x585.png 1024w, https:\/\/sntsf.pt\/wp-content\/uploads\/2026\/03\/TTSL--768x439.png 768w, https:\/\/sntsf.pt\/wp-content\/uploads\/2026\/03\/TTSL--816x466.png 816w, https:\/\/sntsf.pt\/wp-content\/uploads\/2026\/03\/TTSL-.png 1344w\" sizes=\"auto, (max-width: 300px) 100vw, 300px\" \/><\/div><a class=\"wp-block-latest-posts__post-title\" href=\"https:\/\/sntsf.pt\/index.php\/2026\/03\/27\/ttsl-tenta-alterar-regime-de-ferias-sem-negociacao\/\">TTSL tenta alterar regime de f\u00e9rias sem negocia\u00e7\u00e3o<\/a><time datetime=\"2026-03-27T20:01:56+00:00\" class=\"wp-block-latest-posts__post-date\">27 de Mar\u00e7o, 2026<\/time><div class=\"wp-block-latest-posts__post-excerpt\">O SNTSF, tomou conhecimento que as recentes orienta\u00e7\u00f5es divulgadas pela TTSL relativas \u00e0 marca\u00e7\u00e3o de\u2026 <a class=\"wp-block-latest-posts__read-more\" href=\"https:\/\/sntsf.pt\/index.php\/2026\/03\/27\/ttsl-tenta-alterar-regime-de-ferias-sem-negociacao\/\" rel=\"noopener noreferrer\">Leia mais<span class=\"screen-reader-text\">: TTSL tenta alterar regime de f\u00e9rias sem negocia\u00e7\u00e3o<\/span><\/a><\/div><\/li>\n<li><div class=\"wp-block-latest-posts__featured-image aligncenter\"><img loading=\"lazy\" decoding=\"async\" width=\"300\" height=\"171\" src=\"https:\/\/sntsf.pt\/wp-content\/uploads\/2026\/03\/TTSL--300x171.png\" class=\"attachment-medium size-medium wp-post-image\" alt=\"\" style=\"\" srcset=\"https:\/\/sntsf.pt\/wp-content\/uploads\/2026\/03\/TTSL--300x171.png 300w, https:\/\/sntsf.pt\/wp-content\/uploads\/2026\/03\/TTSL--1024x585.png 1024w, https:\/\/sntsf.pt\/wp-content\/uploads\/2026\/03\/TTSL--768x439.png 768w, https:\/\/sntsf.pt\/wp-content\/uploads\/2026\/03\/TTSL--816x466.png 816w, https:\/\/sntsf.pt\/wp-content\/uploads\/2026\/03\/TTSL-.png 1344w\" sizes=\"auto, (max-width: 300px) 100vw, 300px\" \/><\/div><a class=\"wp-block-latest-posts__post-title\" href=\"https:\/\/sntsf.pt\/index.php\/2026\/03\/17\/restricao-ao-gozo-de-descansos-compensatorios-gera-contestacao-na-ttsl\/\">Restri\u00e7\u00e3o ao gozo de descansos compensat\u00f3rios gera contesta\u00e7\u00e3o na TTSL<\/a><time datetime=\"2026-03-17T17:08:44+00:00\" class=\"wp-block-latest-posts__post-date\">17 de Mar\u00e7o, 2026<\/time><div class=\"wp-block-latest-posts__post-excerpt\">Envi\u00e1mos um of\u00edcio \u00e0 empresa a denunciar uma grave viola\u00e7\u00e3o do Acordo de Empresa na\u2026 <a class=\"wp-block-latest-posts__read-more\" href=\"https:\/\/sntsf.pt\/index.php\/2026\/03\/17\/restricao-ao-gozo-de-descansos-compensatorios-gera-contestacao-na-ttsl\/\" rel=\"noopener noreferrer\">Leia mais<span class=\"screen-reader-text\">: Restri\u00e7\u00e3o ao gozo de descansos compensat\u00f3rios gera contesta\u00e7\u00e3o na TTSL<\/span><\/a><\/div><\/li>\n<li><div class=\"wp-block-latest-posts__featured-image aligncenter\"><img loading=\"lazy\" decoding=\"async\" width=\"300\" height=\"169\" src=\"https:\/\/sntsf.pt\/wp-content\/uploads\/2026\/03\/SOFLUSA-300x169.png\" class=\"attachment-medium size-medium wp-post-image\" alt=\"\" style=\"\" srcset=\"https:\/\/sntsf.pt\/wp-content\/uploads\/2026\/03\/SOFLUSA-300x169.png 300w, https:\/\/sntsf.pt\/wp-content\/uploads\/2026\/03\/SOFLUSA-1024x577.png 1024w, https:\/\/sntsf.pt\/wp-content\/uploads\/2026\/03\/SOFLUSA-768x433.png 768w, https:\/\/sntsf.pt\/wp-content\/uploads\/2026\/03\/SOFLUSA-816x460.png 816w, https:\/\/sntsf.pt\/wp-content\/uploads\/2026\/03\/SOFLUSA.png 1113w\" sizes=\"auto, (max-width: 300px) 100vw, 300px\" \/><\/div><a class=\"wp-block-latest-posts__post-title\" href=\"https:\/\/sntsf.pt\/index.php\/2026\/03\/11\/fectrans-reuniu-com-presidente-da-ttsl\/\">FECTRANS reuniu com Presidente da TTSL<\/a><time datetime=\"2026-03-11T17:05:50+00:00\" class=\"wp-block-latest-posts__post-date\">11 de Mar\u00e7o, 2026<\/time><div class=\"wp-block-latest-posts__post-excerpt\">A FECTRANS, atrav\u00e9s dos seus sindicatos, reuniu hoje com o Presidente da TTSL, tendo sido\u2026 <a class=\"wp-block-latest-posts__read-more\" href=\"https:\/\/sntsf.pt\/index.php\/2026\/03\/11\/fectrans-reuniu-com-presidente-da-ttsl\/\" rel=\"noopener noreferrer\">Leia mais<span class=\"screen-reader-text\">: FECTRANS reuniu com Presidente da TTSL<\/span><\/a><\/div><\/li>\n<li><div class=\"wp-block-latest-posts__featured-image aligncenter\"><img loading=\"lazy\" decoding=\"async\" width=\"300\" height=\"171\" src=\"https:\/\/sntsf.pt\/wp-content\/uploads\/2026\/03\/TTSL--300x171.png\" class=\"attachment-medium size-medium wp-post-image\" alt=\"\" style=\"\" srcset=\"https:\/\/sntsf.pt\/wp-content\/uploads\/2026\/03\/TTSL--300x171.png 300w, https:\/\/sntsf.pt\/wp-content\/uploads\/2026\/03\/TTSL--1024x585.png 1024w, https:\/\/sntsf.pt\/wp-content\/uploads\/2026\/03\/TTSL--768x439.png 768w, https:\/\/sntsf.pt\/wp-content\/uploads\/2026\/03\/TTSL--816x466.png 816w, https:\/\/sntsf.pt\/wp-content\/uploads\/2026\/03\/TTSL-.png 1344w\" sizes=\"auto, (max-width: 300px) 100vw, 300px\" \/><\/div><a class=\"wp-block-latest-posts__post-title\" href=\"https:\/\/sntsf.pt\/index.php\/2026\/03\/10\/arranca-negociacao-na-ttsl-para-2026\/\">Arranca negocia\u00e7\u00e3o na TTSL para 2026<\/a><time datetime=\"2026-03-10T18:22:49+00:00\" class=\"wp-block-latest-posts__post-date\">10 de Mar\u00e7o, 2026<\/time><div class=\"wp-block-latest-posts__post-excerpt\">Inicia-se amanh\u00e3, dia 11, o processo negocial para 2026 na TTSL. Um processo que come\u00e7a\u2026 <a class=\"wp-block-latest-posts__read-more\" href=\"https:\/\/sntsf.pt\/index.php\/2026\/03\/10\/arranca-negociacao-na-ttsl-para-2026\/\" rel=\"noopener noreferrer\">Leia mais<span class=\"screen-reader-text\">: Arranca negocia\u00e7\u00e3o na TTSL para 2026<\/span><\/a><\/div><\/li>\n<li><div class=\"wp-block-latest-posts__featured-image aligncenter\"><img loading=\"lazy\" decoding=\"async\" width=\"300\" height=\"169\" src=\"https:\/\/sntsf.pt\/wp-content\/uploads\/2026\/01\/Barco-300x169.jpg\" class=\"attachment-medium size-medium wp-post-image\" alt=\"\" style=\"\" srcset=\"https:\/\/sntsf.pt\/wp-content\/uploads\/2026\/01\/Barco-300x169.jpg 300w, https:\/\/sntsf.pt\/wp-content\/uploads\/2026\/01\/Barco-1024x577.jpg 1024w, https:\/\/sntsf.pt\/wp-content\/uploads\/2026\/01\/Barco-768x432.jpg 768w, https:\/\/sntsf.pt\/wp-content\/uploads\/2026\/01\/Barco-1536x865.jpg 1536w, https:\/\/sntsf.pt\/wp-content\/uploads\/2026\/01\/Barco-2048x1153.jpg 2048w, https:\/\/sntsf.pt\/wp-content\/uploads\/2026\/01\/Barco-816x460.jpg 816w\" sizes=\"auto, (max-width: 300px) 100vw, 300px\" \/><\/div><a class=\"wp-block-latest-posts__post-title\" href=\"https:\/\/sntsf.pt\/index.php\/2026\/01\/20\/reclassificacao-continua-por-cumprir\/\">Reclassifica\u00e7\u00e3o continua por cumprir<\/a><time datetime=\"2026-01-20T14:21:02+00:00\" class=\"wp-block-latest-posts__post-date\">20 de Janeiro, 2026<\/time><div class=\"wp-block-latest-posts__post-excerpt\">O SNTSF enviou um of\u00edcio \u00e0 TTSL, a solicitar esclarecimentos sobre o processo de reclassifica\u00e7\u00e3o\u2026 <a class=\"wp-block-latest-posts__read-more\" href=\"https:\/\/sntsf.pt\/index.php\/2026\/01\/20\/reclassificacao-continua-por-cumprir\/\" rel=\"noopener noreferrer\">Leia mais<span class=\"screen-reader-text\">: Reclassifica\u00e7\u00e3o continua por cumprir<\/span><\/a><\/div><\/li>\n<li><div class=\"wp-block-latest-posts__featured-image aligncenter\"><img loading=\"lazy\" decoding=\"async\" width=\"300\" height=\"208\" src=\"https:\/\/sntsf.pt\/wp-content\/uploads\/2020\/08\/soflusa-boat.png\" class=\"attachment-medium size-medium wp-post-image\" alt=\"\" style=\"\" \/><\/div><a class=\"wp-block-latest-posts__post-title\" href=\"https:\/\/sntsf.pt\/index.php\/2020\/08\/31\/agora-e-a-discussao-com-os-trabalhadores\/\">Agora \u00e9 a discuss\u00e3o com os trabalhadores<\/a><time datetime=\"2020-08-31T21:48:38+00:00\" class=\"wp-block-latest-posts__post-date\">31 de Agosto, 2020<\/time><div class=\"wp-block-latest-posts__post-excerpt\">O Sindicato iniciou a discuss\u00e3o com os seus associados na SOFLUSA, acerca do acordo de\u2026 <a class=\"wp-block-latest-posts__read-more\" href=\"https:\/\/sntsf.pt\/index.php\/2020\/08\/31\/agora-e-a-discussao-com-os-trabalhadores\/\" rel=\"noopener noreferrer\">Leia mais<span class=\"screen-reader-text\">: Agora \u00e9 a discuss\u00e3o com os trabalhadores<\/span><\/a><\/div><\/li>\n<li><div class=\"wp-block-latest-posts__featured-image aligncenter\"><img loading=\"lazy\" decoding=\"async\" width=\"300\" height=\"200\" src=\"https:\/\/sntsf.pt\/wp-content\/uploads\/2020\/08\/bandeira.png\" class=\"attachment-medium size-medium wp-post-image\" alt=\"\" style=\"\" \/><\/div><a class=\"wp-block-latest-posts__post-title\" href=\"https:\/\/sntsf.pt\/index.php\/2020\/08\/30\/mais-um-processo-ganho-em-tribunal\/\">Mais um processo ganho em tribunal<\/a><time datetime=\"2020-08-30T21:51:00+00:00\" class=\"wp-block-latest-posts__post-date\">30 de Agosto, 2020<\/time><div class=\"wp-block-latest-posts__post-excerpt\">O Sindicato ganhou mais um caso em tribunal, numa ac\u00e7\u00e3o intentada contra a Soflusa, que,\u2026 <a class=\"wp-block-latest-posts__read-more\" href=\"https:\/\/sntsf.pt\/index.php\/2020\/08\/30\/mais-um-processo-ganho-em-tribunal\/\" rel=\"noopener noreferrer\">Leia mais<span class=\"screen-reader-text\">: Mais um processo ganho em tribunal<\/span><\/a><\/div><\/li>\n<\/ul>","protected":false},"excerpt":{"rendered":"","protected":false},"author":1,"featured_media":0,"parent":0,"menu_order":0,"comment_status":"closed","ping_status":"closed","template":"","meta":{"footnotes":""},"class_list":["post-164","page","type-page","status-publish","hentry"],"jetpack_sharing_enabled":true,"_links":{"self":[{"href":"https:\/\/sntsf.pt\/index.php\/wp-json\/wp\/v2\/pages\/164","targetHints":{"allow":["GET"]}}],"collection":[{"href":"https:\/\/sntsf.pt\/index.php\/wp-json\/wp\/v2\/pages"}],"about":[{"href":"https:\/\/sntsf.pt\/index.php\/wp-json\/wp\/v2\/types\/page"}],"author":[{"embeddable":true,"href":"https:\/\/sntsf.pt\/index.php\/wp-json\/wp\/v2\/users\/1"}],"replies":[{"embeddable":true,"href":"https:\/\/sntsf.pt\/index.php\/wp-json\/wp\/v2\/comments?post=164"}],"version-history":[{"count":6,"href":"https:\/\/sntsf.pt\/index.php\/wp-json\/wp\/v2\/pages\/164\/revisions"}],"predecessor-version":[{"id":427,"href":"https:\/\/sntsf.pt\/index.php\/wp-json\/wp\/v2\/pages\/164\/revisions\/427"}],"wp:attachment":[{"href":"https:\/\/sntsf.pt\/index.php\/wp-json\/wp\/v2\/media?parent=164"}],"curies":[{"name":"wp","href":"https:\/\/api.w.org\/{rel}","templated":true}]}}