{"id":17,"date":"2020-07-04T22:48:30","date_gmt":"2020-07-04T22:48:30","guid":{"rendered":"https:\/\/sntsf.pt\/wordpress\/?page_id=17"},"modified":"2020-07-19T22:57:41","modified_gmt":"2020-07-19T22:57:41","slug":"inscricao","status":"publish","type":"page","link":"https:\/\/sntsf.pt\/index.php\/inscricao\/","title":{"rendered":"Inscri\u00e7\u00e3o"},"content":{"rendered":"\n<p class=\"has-text-align-center\"><a href=\"https:\/\/sntsf.pt\/wp-content\/uploads\/2020\/07\/FichaAssociado2018.pdf\"><strong>Download ficha inscri\u00e7\u00e3o sindical<\/strong><\/a><\/p>\n\n\n\n<p>Porque vale a pena ser sindicalizado?<\/p>\n\n\n\n<p>Os sindicatos garantem interven\u00e7\u00e3o de classe em defesa dos direitos e interesses dos trabalhadores e pela resolu\u00e7\u00e3o dos seus problemas nos locais de trabalho, al\u00e9m de assegurar:<\/p>\n\n\n\n<ul class=\"wp-block-list\"><li>apoio e interven\u00e7\u00e3o num colectivo unido, forte e solid\u00e1rio;<\/li><li>iniciativa reivindicativa e de contrata\u00e7\u00e3o colectiva;<\/li><li>apoio jur\u00eddico, de pr\u00e9-contencioso e contencioso, em caso de conflito laboral;<\/li><li>acesso a informa\u00e7\u00e3o e forma\u00e7\u00e3o sindical;<\/li><\/ul>\n\n\n\n<div class=\"wp-block-image\"><figure class=\"aligncenter size-large is-resized\"><img loading=\"lazy\" decoding=\"async\" src=\"https:\/\/sntsf.pt\/wp-content\/uploads\/2020\/07\/LOGOTIPO_SINDICALIZACAO.png\" alt=\"\" class=\"wp-image-76\" width=\"404\" height=\"322\" srcset=\"https:\/\/sntsf.pt\/wp-content\/uploads\/2020\/07\/LOGOTIPO_SINDICALIZACAO.png 623w, https:\/\/sntsf.pt\/wp-content\/uploads\/2020\/07\/LOGOTIPO_SINDICALIZACAO-300x239.png 300w\" sizes=\"auto, (max-width: 404px) 100vw, 404px\" \/><\/figure><\/div>\n\n\n\n<p class=\"has-text-align-center\"><strong>A FOR\u00c7A DOS SINDICATOS \u00c9 A FOR\u00c7A DOS TRABALHADORES UNIDOS E ORGANIZADOS!<\/strong><\/p>\n","protected":false},"excerpt":{"rendered":"<p>Download ficha inscri\u00e7\u00e3o sindical Porque vale a pena ser sindicalizado? Os sindicatos garantem interven\u00e7\u00e3o de classe em defesa dos direitos e interesses dos trabalhadores e pela resolu\u00e7\u00e3o dos seus problemas nos locais de trabalho, al\u00e9m de assegurar: apoio e interven\u00e7\u00e3o num colectivo unido, forte e solid\u00e1rio; iniciativa reivindicativa e de contrata\u00e7\u00e3o colectiva; apoio jur\u00eddico, de [&hellip;]<\/p>\n","protected":false},"author":1,"featured_media":0,"parent":0,"menu_order":0,"comment_status":"closed","ping_status":"closed","template":"","meta":{"footnotes":""},"class_list":["post-17","page","type-page","status-publish","hentry"],"jetpack_sharing_enabled":true,"_links":{"self":[{"href":"https:\/\/sntsf.pt\/index.php\/wp-json\/wp\/v2\/pages\/17","targetHints":{"allow":["GET"]}}],"collection":[{"href":"https:\/\/sntsf.pt\/index.php\/wp-json\/wp\/v2\/pages"}],"about":[{"href":"https:\/\/sntsf.pt\/index.php\/wp-json\/wp\/v2\/types\/page"}],"author":[{"embeddable":true,"href":"https:\/\/sntsf.pt\/index.php\/wp-json\/wp\/v2\/users\/1"}],"replies":[{"embeddable":true,"href":"https:\/\/sntsf.pt\/index.php\/wp-json\/wp\/v2\/comments?post=17"}],"version-history":[{"count":5,"href":"https:\/\/sntsf.pt\/index.php\/wp-json\/wp\/v2\/pages\/17\/revisions"}],"predecessor-version":[{"id":82,"href":"https:\/\/sntsf.pt\/index.php\/wp-json\/wp\/v2\/pages\/17\/revisions\/82"}],"wp:attachment":[{"href":"https:\/\/sntsf.pt\/index.php\/wp-json\/wp\/v2\/media?parent=17"}],"curies":[{"name":"wp","href":"https:\/\/api.w.org\/{rel}","templated":true}]}}