{"id":18,"date":"2020-07-04T22:48:30","date_gmt":"2020-07-04T22:48:30","guid":{"rendered":"https:\/\/sntsf.pt\/wordpress\/?page_id=18"},"modified":"2023-03-24T10:31:51","modified_gmt":"2023-03-24T10:31:51","slug":"contactos","status":"publish","type":"page","link":"https:\/\/sntsf.pt\/index.php\/contactos\/","title":{"rendered":"Contactos"},"content":{"rendered":"\n<div class=\"wpforms-container wpforms-container-full\" id=\"wpforms-85\"><form id=\"wpforms-form-85\" class=\"wpforms-validate wpforms-form\" data-formid=\"85\" method=\"post\" enctype=\"multipart\/form-data\" action=\"\/index.php\/wp-json\/wp\/v2\/pages\/18\" data-token=\"376a07da5be571f29c43be5335b88b81\"><noscript class=\"wpforms-error-noscript\">Please enable JavaScript in your browser to complete this form.<\/noscript><div class=\"wpforms-field-container\"><div id=\"wpforms-85-field_0-container\" class=\"wpforms-field wpforms-field-name\" data-field-id=\"0\"><label class=\"wpforms-field-label\" for=\"wpforms-85-field_0\">Nome <span class=\"wpforms-required-label\">*<\/span><\/label><input type=\"text\" id=\"wpforms-85-field_0\" class=\"wpforms-field-medium wpforms-field-required\" name=\"wpforms[fields][0]\" required><\/div><div id=\"wpforms-85-field_1-container\" class=\"wpforms-field wpforms-field-email\" data-field-id=\"1\"><label class=\"wpforms-field-label\" for=\"wpforms-85-field_1\">Email <span class=\"wpforms-required-label\">*<\/span><\/label><input type=\"email\" id=\"wpforms-85-field_1\" class=\"wpforms-field-medium wpforms-field-required\" name=\"wpforms[fields][1]\" required><\/div><div id=\"wpforms-85-field_3-container\" class=\"wpforms-field wpforms-field-checkbox\" data-field-id=\"3\"><label class=\"wpforms-field-label\" for=\"wpforms-85-field_3\">Seleccione a sua Direc\u00e7\u00e3o Regional<\/label><ul id=\"wpforms-85-field_3\"><li class=\"choice-5 depth-1\"><input type=\"checkbox\" id=\"wpforms-85-field_3_5\" name=\"wpforms[fields][3][]\" value=\"Barreiro\"  ><label class=\"wpforms-field-label-inline\" for=\"wpforms-85-field_3_5\">Barreiro<\/label><\/li><li class=\"choice-3 depth-1\"><input type=\"checkbox\" id=\"wpforms-85-field_3_3\" name=\"wpforms[fields][3][]\" value=\"Coimbra\"  ><label class=\"wpforms-field-label-inline\" for=\"wpforms-85-field_3_3\">Coimbra<\/label><\/li><li class=\"choice-4 depth-1\"><input type=\"checkbox\" id=\"wpforms-85-field_3_4\" name=\"wpforms[fields][3][]\" value=\"Entroncamento\"  ><label class=\"wpforms-field-label-inline\" for=\"wpforms-85-field_3_4\">Entroncamento<\/label><\/li><li class=\"choice-1 depth-1\"><input type=\"checkbox\" id=\"wpforms-85-field_3_1\" name=\"wpforms[fields][3][]\" value=\"Lisboa\"  ><label class=\"wpforms-field-label-inline\" for=\"wpforms-85-field_3_1\">Lisboa<\/label><\/li><li class=\"choice-2 depth-1\"><input type=\"checkbox\" id=\"wpforms-85-field_3_2\" name=\"wpforms[fields][3][]\" value=\"Porto\"  ><label class=\"wpforms-field-label-inline\" for=\"wpforms-85-field_3_2\">Porto<\/label><\/li><\/ul><\/div><div id=\"wpforms-85-field_2-container\" class=\"wpforms-field wpforms-field-textarea\" data-field-id=\"2\"><label class=\"wpforms-field-label\" for=\"wpforms-85-field_2\">Escreva a sua mensagem <span class=\"wpforms-required-label\">*<\/span><\/label><textarea id=\"wpforms-85-field_2\" class=\"wpforms-field-medium wpforms-field-required\" name=\"wpforms[fields][2]\" required><\/textarea><\/div><\/div><div class=\"wpforms-field wpforms-field-hp\"><label for=\"wpforms-85-field-hp\" class=\"wpforms-field-label\">Phone<\/label><input type=\"text\" name=\"wpforms[hp]\" id=\"wpforms-85-field-hp\" class=\"wpforms-field-medium\"><\/div><div class=\"wpforms-submit-container\" ><input type=\"hidden\" name=\"wpforms[id]\" value=\"85\"><input type=\"hidden\" name=\"wpforms[author]\" value=\"1\"><button type=\"submit\" name=\"wpforms[submit]\" class=\"wpforms-submit \" id=\"wpforms-submit-85\" value=\"wpforms-submit\" aria-live=\"assertive\" data-alt-text=\"A enviar...\" data-submit-text=\"Enviar\">Enviar<\/button><\/div><\/form><\/div>  <!-- .wpforms-container -->\n\n\n\n<h5 class=\"has-text-align-center wp-block-heading\">Sede e Direc\u00e7\u00e3o Regional de Lisboa<\/h5>\n\n\n\n<p class=\"has-text-align-center\">Avenida Alvares Cabral N\u00ba19<br>1250-015 Lisboa<\/p>\n\n\n\n<div class=\"wp-block-columns is-layout-flex wp-container-core-columns-is-layout-9d6595d7 wp-block-columns-is-layout-flex\">\n<div class=\"wp-block-column is-layout-flow wp-block-column-is-layout-flow\">\n<p class=\"has-text-align-center\"><strong>Direc\u00e7\u00e3o Regional Porto<br><\/strong>Rua Padre Ant\u00f3nio Vieira N\u00ba195<br>4300-031 Porto<\/p>\n<\/div>\n\n\n\n<div class=\"wp-block-column is-layout-flow wp-block-column-is-layout-flow\">\n<p class=\"has-text-align-center\"><strong>Direc\u00e7\u00e3o Regional Coimbra<\/strong><br>Urbaniza\u00e7\u00e3o Panorama, Lt. 1 &#8211; Loja 4 Monte Formoso<br>3000-446 Coimbra<\/p>\n<\/div>\n<\/div>\n\n\n\n<div class=\"wp-block-columns is-layout-flex wp-container-core-columns-is-layout-9d6595d7 wp-block-columns-is-layout-flex\">\n<div class=\"wp-block-column is-layout-flow wp-block-column-is-layout-flow\">\n<p class=\"has-text-align-center\"><strong>Direc\u00e7\u00e3o Regional Entroncamento<\/strong><br>Rua Ab\u00edlio C\u00e9sar Afonso N\u00ba23 &#8211; RC<br>2330-096 Entroncamento<\/p>\n<\/div>\n\n\n\n<div class=\"wp-block-column is-layout-flow wp-block-column-is-layout-flow\">\n<p class=\"has-text-align-center\"><strong>Direc\u00e7\u00e3o Regional Barreiro<\/strong><br>Rua Almirante Reis N\u00ba68<br>2830-326 Barreiro<\/p>\n<\/div>\n<\/div>\n\n\n\n<p class=\"has-text-align-center\"><strong>Telefone: <\/strong>213 242 270<br><strong>Email:<\/strong> geral@sntsf.pt<\/p>\n","protected":false},"excerpt":{"rendered":"<p>Sede e Direc\u00e7\u00e3o Regional de Lisboa Avenida Alvares Cabral N\u00ba191250-015 Lisboa Direc\u00e7\u00e3o Regional PortoRua Padre Ant\u00f3nio Vieira N\u00ba1954300-031 Porto Direc\u00e7\u00e3o Regional CoimbraUrbaniza\u00e7\u00e3o Panorama, Lt. 1 &#8211; Loja 4 Monte Formoso3000-446 Coimbra Direc\u00e7\u00e3o Regional EntroncamentoRua Ab\u00edlio C\u00e9sar Afonso N\u00ba23 &#8211; RC2330-096 Entroncamento Direc\u00e7\u00e3o Regional BarreiroRua Almirante Reis N\u00ba682830-326 Barreiro Telefone: 213 242 270Email: geral@sntsf.pt<\/p>\n","protected":false},"author":1,"featured_media":0,"parent":0,"menu_order":0,"comment_status":"closed","ping_status":"closed","template":"","meta":{"footnotes":""},"class_list":["post-18","page","type-page","status-publish","hentry"],"jetpack_sharing_enabled":true,"_links":{"self":[{"href":"https:\/\/sntsf.pt\/index.php\/wp-json\/wp\/v2\/pages\/18","targetHints":{"allow":["GET"]}}],"collection":[{"href":"https:\/\/sntsf.pt\/index.php\/wp-json\/wp\/v2\/pages"}],"about":[{"href":"https:\/\/sntsf.pt\/index.php\/wp-json\/wp\/v2\/types\/page"}],"author":[{"embeddable":true,"href":"https:\/\/sntsf.pt\/index.php\/wp-json\/wp\/v2\/users\/1"}],"replies":[{"embeddable":true,"href":"https:\/\/sntsf.pt\/index.php\/wp-json\/wp\/v2\/comments?post=18"}],"version-history":[{"count":16,"href":"https:\/\/sntsf.pt\/index.php\/wp-json\/wp\/v2\/pages\/18\/revisions"}],"predecessor-version":[{"id":1260,"href":"https:\/\/sntsf.pt\/index.php\/wp-json\/wp\/v2\/pages\/18\/revisions\/1260"}],"wp:attachment":[{"href":"https:\/\/sntsf.pt\/index.php\/wp-json\/wp\/v2\/media?parent=18"}],"curies":[{"name":"wp","href":"https:\/\/api.w.org\/{rel}","templated":true}]}}